{"id":15512,"date":"2020-05-05T17:19:47","date_gmt":"2020-05-05T15:19:47","guid":{"rendered":"https:\/\/blooness.com\/?page_id=15512"},"modified":"2020-05-05T17:20:12","modified_gmt":"2020-05-05T15:20:12","slug":"confidencialidad","status":"publish","type":"page","link":"https:\/\/blooness.com\/es\/confidentialite\/","title":{"rendered":"Normas de confidencialidad"},"content":{"rendered":"<ul>\n<li>\n<h3 id=\"informations-personnelles\">Informaci\u00f3n personal<\/h3>\n<\/li>\n<\/ul>\n<p>Blooness no recoge ni almacena m\u00e1s informaci\u00f3n que la facilitada por los visitantes con conocimiento de causa, a trav\u00e9s de los distintos formularios ofrecidos en su sitio, a excepci\u00f3n de la direcci\u00f3n IP asociada a los comentarios y votos. Usted tiene derecho a modificar esta informaci\u00f3n. Para ejercer este derecho, p\u00f3ngase en contacto con nosotros en <a href=\"https:\/\/blooness.com\/es\/pongase-en-contacto-con\/\">formulario de contacto<\/a>.<\/p>\n<p>En ning\u00fan caso Blooness utilizar\u00e1, vender\u00e1 o ceder\u00e1 la informaci\u00f3n personal que nos proporcione, como su direcci\u00f3n de correo electr\u00f3nico o su nombre. Esta informaci\u00f3n podr\u00e1 utilizarse para ponernos en contacto con usted en relaci\u00f3n con su sitio y su inclusi\u00f3n en nuestro \u00edndice. Esta informaci\u00f3n no se publicar\u00e1 en l\u00ednea. No recibir\u00e1 ofertas comerciales de nuestra parte.<\/p>\n<p>&nbsp;<\/p>\n<ul>\n<li>\n<h3 id=\"cookie-doubleclick-dart\">Cookie DART de DoubleClick<\/h3>\n<\/li>\n<\/ul>\n<p>Blooness puede utilizar empresas publicitarias de terceros para mostrar anuncios en sus medios de comunicaci\u00f3n. Estas empresas pueden utilizar datos relativos a su navegaci\u00f3n por el sitio web u otros sitios (a excepci\u00f3n de su nombre, direcci\u00f3n postal, direcci\u00f3n de correo electr\u00f3nico o n\u00famero de tel\u00e9fono) para ofrecerle anuncios de productos o servicios adaptados a sus centros de inter\u00e9s.<\/p>\n<p>Para saber m\u00e1s sobre esta pr\u00e1ctica o sobre la posibilidad de prohibir el uso de estos datos por parte de estas empresas, haga clic aqu\u00ed.\u00a0<a href=\"http:\/\/www.google.com\/intl\/fr\/privacy\/ads\/\" target=\"_blank\" rel=\"noopener noreferrer\">aqu\u00ed<\/a>.<\/p>\n<div id=\"bloon-3925328150\" class=\"bloon-apres-le-contenu-2 bloon-entity-placement\"><div style=\"max-width: 900px; margin: 60px auto; padding: 60px 40px; background: linear-gradient(135deg, #e8f5e9 0%, #f0faf0 100%); border-radius: 24px; box-shadow: 0 10px 40px rgba(0,0,0,0.1); text-align: center;\">\r\n  <h2 style=\"font-size: 2.6em; color: #28a745; margin-bottom: 30px; font-weight: 800; text-transform: uppercase;\">\r\n    Novedad: los programas acelerados Blooness\r\n  <\/h2>\r\n  \r\n  <p style=\"font-size: 1.5em; color: #333; max-width: 800px; margin: 0 auto 40px; line-height: 1.6;\">\r\n    Para <strong>resultados r\u00e1pidos<\/strong> si est\u00e1 buscando<br>\r\n    <strong>perder grasa de forma duradera<\/strong>,<br>\r\n    <strong>Recuperar una energ\u00eda estable durante todo el d\u00eda.<\/strong>,<br>\r\n    y <strong>alejar las enfermedades cr\u00f3nicas<\/strong>.\r\n  <\/p>\r\n  \r\n  <a href=\"https:\/\/blooness.com\/es\/programas\/\" \r\n     style=\"display: inline-block; background: #ff4757; color: white; padding: 22px 60px; border-radius: 50px; font-size: 1.6em; font-weight: bold; text-decoration: none; box-shadow: 0 10px 30px rgba(255,71,87,0.4); transition: all 0.3s;\">\r\n    Descubrir los programas (67 \u20ac de por vida) \u2192\r\n  <\/a>\r\n  \r\n  <p style=\"margin-top: 30px; font-size: 1.2em; color: #666;\">\r\n    Acceso inmediato a la Gu\u00eda Premium + todos los programas actuales y futuros<br>\r\n    <strong>Tarifa fundadora limitada: pronto pasar\u00e1 a ser de 97 \u20ac.<\/strong>\r\n  <\/p>\r\n<\/div><\/div>","protected":false},"excerpt":{"rendered":"<p>Informations personnelles Blooness ne collecte ni ne conserve aucune autre information que celles fournies par les visiteurs en connaissance de cause, par le biais des diff\u00e9rents formulaires propos\u00e9s sur son site, exception faite de l\u2019adresse IP associ\u00e9e aux commentaires et votes. Vous disposez d\u2019un droit de modification de ces informations. Pour l&rsquo;exercer, merci de nous [&hellip;]<\/p>\n","protected":false},"author":2,"featured_media":0,"parent":0,"menu_order":0,"comment_status":"closed","ping_status":"closed","template":"","meta":{"pmpro_default_level":"","footnotes":""},"class_list":["post-15512","page","type-page","status-publish","hentry","pmpro-has-access"],"ams_acf":[],"_links":{"self":[{"href":"https:\/\/blooness.com\/es\/wp-json\/wp\/v2\/pages\/15512","targetHints":{"allow":["GET"]}}],"collection":[{"href":"https:\/\/blooness.com\/es\/wp-json\/wp\/v2\/pages"}],"about":[{"href":"https:\/\/blooness.com\/es\/wp-json\/wp\/v2\/types\/page"}],"author":[{"embeddable":true,"href":"https:\/\/blooness.com\/es\/wp-json\/wp\/v2\/users\/2"}],"replies":[{"embeddable":true,"href":"https:\/\/blooness.com\/es\/wp-json\/wp\/v2\/comments?post=15512"}],"version-history":[{"count":0,"href":"https:\/\/blooness.com\/es\/wp-json\/wp\/v2\/pages\/15512\/revisions"}],"wp:attachment":[{"href":"https:\/\/blooness.com\/es\/wp-json\/wp\/v2\/media?parent=15512"}],"curies":[{"name":"wp","href":"https:\/\/api.w.org\/{rel}","templated":true}]}}