{"id":15512,"date":"2020-05-05T17:19:47","date_gmt":"2020-05-05T15:19:47","guid":{"rendered":"https:\/\/blooness.com\/?page_id=15512"},"modified":"2020-05-05T17:20:12","modified_gmt":"2020-05-05T15:20:12","slug":"confidencialidade","status":"publish","type":"page","link":"https:\/\/blooness.com\/pt\/confidentialite\/","title":{"rendered":"Regras de confidencialidade"},"content":{"rendered":"<ul>\n<li>\n<h3 id=\"informations-personnelles\">Informa\u00e7\u00f5es pessoais<\/h3>\n<\/li>\n<\/ul>\n<p>A Blooness n\u00e3o recolhe nem armazena qualquer informa\u00e7\u00e3o para al\u00e9m das fornecidas pelos visitantes com conhecimento de causa, atrav\u00e9s dos v\u00e1rios formul\u00e1rios disponibilizados no seu site, com exce\u00e7\u00e3o do endere\u00e7o IP associado aos coment\u00e1rios e vota\u00e7\u00f5es. O utilizador tem o direito de modificar estas informa\u00e7\u00f5es. Para exercer este direito, contacte-nos atrav\u00e9s de <a href=\"https:\/\/blooness.com\/pt\/contacto\/\">formul\u00e1rio de contacto<\/a>.<\/p>\n<p>Em nenhuma circunst\u00e2ncia a Blooness utilizar\u00e1, vender\u00e1 ou transmitir\u00e1 qualquer informa\u00e7\u00e3o pessoal fornecida, como o seu endere\u00e7o de correio eletr\u00f3nico ou nome. Esta informa\u00e7\u00e3o pode ser usada para o contactar sobre o seu site e a sua inclus\u00e3o no nosso \u00edndice. Esta informa\u00e7\u00e3o n\u00e3o ser\u00e1 publicada online. N\u00e3o receber\u00e1 quaisquer ofertas comerciais da nossa parte.<\/p>\n<p>&nbsp;<\/p>\n<ul>\n<li>\n<h3 id=\"cookie-doubleclick-dart\">Cookie DART da DoubleClick<\/h3>\n<\/li>\n<\/ul>\n<p>A Blooness pode utilizar os servi\u00e7os de empresas de publicidade de terceiros para apresentar an\u00fancios nos seus meios de comunica\u00e7\u00e3o. Estas empresas podem utilizar dados relativos \u00e0 sua navega\u00e7\u00e3o no s\u00edtio Web ou noutros s\u00edtios (com exce\u00e7\u00e3o do seu nome, endere\u00e7o postal, endere\u00e7o de correio eletr\u00f3nico ou n\u00famero de telefone) para lhe oferecer an\u00fancios de produtos ou servi\u00e7os adaptados aos seus centros de interesse.<\/p>\n<p>Para saber mais sobre esta pr\u00e1tica ou sobre a possibilidade de proibir a utiliza\u00e7\u00e3o destes dados por estas empresas, clique aqui.\u00a0<a href=\"http:\/\/www.google.com\/intl\/fr\/privacy\/ads\/\" target=\"_blank\" rel=\"noopener noreferrer\">aqui<\/a>.<\/p>\n<div id=\"bloon-2574925211\" class=\"bloon-apres-le-contenu-2 bloon-entity-placement\"><div style=\"max-width: 900px; margin: 60px auto; padding: 60px 40px; background: linear-gradient(135deg, #e8f5e9 0%, #f0faf0 100%); border-radius: 24px; box-shadow: 0 10px 40px rgba(0,0,0,0.1); text-align: center;\">\r\n  <h2 style=\"font-size: 2.6em; color: #28a745; margin-bottom: 30px; font-weight: 800; text-transform: uppercase;\">\r\n    Novo: os Programas Acelerados Blooness\r\n  <\/h2>\r\n  \r\n  <p style=\"font-size: 1.5em; color: #333; max-width: 800px; margin: 0 auto 40px; line-height: 1.6;\">\r\n    Para <strong>resultados r\u00e1pidos<\/strong> se procura<br>\r\n    <strong>perder gordura de forma duradoura<\/strong>,<br>\r\n    <strong>recuperar uma energia est\u00e1vel ao longo do dia<\/strong>,<br>\r\n    e <strong>afastar as doen\u00e7as cr\u00f3nicas<\/strong>.\r\n  <\/p>\r\n  \r\n  <a href=\"https:\/\/blooness.com\/pt\/programas\/\" \r\n     style=\"display: inline-block; background: #ff4757; color: white; padding: 22px 60px; border-radius: 50px; font-size: 1.6em; font-weight: bold; text-decoration: none; box-shadow: 0 10px 30px rgba(255,71,87,0.4); transition: all 0.3s;\">\r\n    Descubra os Programas (67 \u20ac para toda a vida) \u2192\r\n  <\/a>\r\n  \r\n  <p style=\"margin-top: 30px; font-size: 1.2em; color: #666;\">\r\n    Acesso imediato ao Guia Premium + todos os programas atuais e futuros<br>\r\n    <strong>Tarifa inicial limitada \u2013 em breve passar\u00e1 para 97 \u20ac<\/strong>\r\n  <\/p>\r\n<\/div><\/div>","protected":false},"excerpt":{"rendered":"<p>Informations personnelles Blooness ne collecte ni ne conserve aucune autre information que celles fournies par les visiteurs en connaissance de cause, par le biais des diff\u00e9rents formulaires propos\u00e9s sur son site, exception faite de l\u2019adresse IP associ\u00e9e aux commentaires et votes. Vous disposez d\u2019un droit de modification de ces informations. Pour l&rsquo;exercer, merci de nous [&hellip;]<\/p>\n","protected":false},"author":2,"featured_media":0,"parent":0,"menu_order":0,"comment_status":"closed","ping_status":"closed","template":"","meta":{"pmpro_default_level":"","footnotes":""},"class_list":["post-15512","page","type-page","status-publish","hentry","pmpro-has-access"],"ams_acf":[],"_links":{"self":[{"href":"https:\/\/blooness.com\/pt\/wp-json\/wp\/v2\/pages\/15512","targetHints":{"allow":["GET"]}}],"collection":[{"href":"https:\/\/blooness.com\/pt\/wp-json\/wp\/v2\/pages"}],"about":[{"href":"https:\/\/blooness.com\/pt\/wp-json\/wp\/v2\/types\/page"}],"author":[{"embeddable":true,"href":"https:\/\/blooness.com\/pt\/wp-json\/wp\/v2\/users\/2"}],"replies":[{"embeddable":true,"href":"https:\/\/blooness.com\/pt\/wp-json\/wp\/v2\/comments?post=15512"}],"version-history":[{"count":0,"href":"https:\/\/blooness.com\/pt\/wp-json\/wp\/v2\/pages\/15512\/revisions"}],"wp:attachment":[{"href":"https:\/\/blooness.com\/pt\/wp-json\/wp\/v2\/media?parent=15512"}],"curies":[{"name":"wp","href":"https:\/\/api.w.org\/{rel}","templated":true}]}}