{"id":16564,"date":"2023-03-29T14:38:12","date_gmt":"2023-03-29T12:38:12","guid":{"rendered":"https:\/\/blooness.com\/compte-dadherent\/niveaux-dadhesion\/"},"modified":"2026-01-11T22:13:09","modified_gmt":"2026-01-11T21:13:09","slug":"%e4%bc%9a%e7%b1%8d","status":"publish","type":"page","link":"https:\/\/blooness.com\/zh\/adhesion\/","title":{"rendered":"\ud83d\ude80 \u52a0\u5165 Blooness \u4f1a\u5458\u4e13\u533a"},"content":{"rendered":"<div data-elementor-type=\"wp-page\" data-elementor-id=\"16564\" class=\"elementor elementor-16564\" data-elementor-post-type=\"page\">\n\t\t\t\t\t\t<section class=\"elementor-section elementor-top-section elementor-element elementor-element-468e6353 elementor-section-full_width elementor-section-height-default elementor-section-height-default\" data-id=\"468e6353\" data-element_type=\"section\" data-e-type=\"section\" data-settings=\"{&quot;background_background&quot;:&quot;classic&quot;}\">\n\t\t\t\t\t\t<div class=\"elementor-container elementor-column-gap-default\">\n\t\t\t\t\t<div class=\"elementor-column elementor-col-100 elementor-top-column elementor-element elementor-element-fb541ca\" data-id=\"fb541ca\" data-element_type=\"column\" data-e-type=\"column\">\n\t\t\t<div class=\"elementor-widget-wrap elementor-element-populated\">\n\t\t\t\t\t\t<div class=\"elementor-element elementor-element-aa535fd elementor-widget elementor-widget-text-editor\" data-id=\"aa535fd\" data-element_type=\"widget\" data-e-type=\"widget\" data-widget_type=\"text-editor.default\">\n\t\t\t\t<div class=\"elementor-widget-container\">\n\t\t\t\t\t\t\t\t\t<div class=\"hero\">\n<div class=\"container\">\n<div class=\"urgency-banner\">\u23f0 \u521b\u59cb\u4ef7\uff1a67\u6b27\u5143 \u2192 2026\u5e744\u670815\u65e5\u8c03\u6574\u4e3a97\u6b27\u5143<\/div>\n<h1>\u6c38\u4e45\u51cf\u8102\u3001\n\u91cd\u83b7\u7206\u53d1\u529b\n\u5e76\u6700\u7ec8\u4eab\u53d7\u996e\u98df<\/h1>\n<p class=\"promise\">\u65e0\u9700\u8ba1\u7b97\u5361\u8def\u91cc\u3002\u6ca1\u6709\u4ee4\u4eba\u6cae\u4e27\u7684\u996e\u98df\u3002\n\u53ea\u6709\u79d1\u5b66\u65b9\u6cd5\uff0c\u6e05\u6670\u660e\u4e86\uff0c\u7acb\u7aff\u89c1\u5f71\u3002.<\/p>\n\n\n\n<a class=\"cta-button\" href=\"https:\/\/blooness.com\/zh\/%e8%b4%a6%e6%88%b7\/%e4%bc%9a%e7%b1%8d\/\">\n\u662f\u7684\uff0c\u6211\u6b63\u5728\u6539\u53d8\u6211\u7684\u996e\u98df\u4e60\u60ef\uff08\u7ec8\u8eab67\u6b27\u5143\uff09\u2192\n<\/a>\n\n\n<\/div>\n<\/div>\n<!-- PREUVE SOCIALE T\u00d4T -->\n<div class=\"proof-early\">\n\n\u5df2\u7ecf\u8d85\u8fc7 <strong>\u6bcf\u67082000\u540d\u8bbf\u5ba2<\/strong> \u548c <strong>500\u540d\u65b0\u95fb\u901a\u8baf\u8ba2\u9605\u8005<\/strong>\n\u4fe1\u8d56Blooness\uff0c\u4eab\u53d7\u667a\u80fd\u4e14\u53ef\u6301\u7eed\u7684\u996e\u98df\u3002.\n\n<\/div>\n<!-- PROJECTION \u00c9MOTIONNELLE -->\n<div class=\"section\" style=\"background: #fff8e1;\">\n<div class=\"container\">\n<div class=\"projection-box\">\n\n<strong>\u5982\u679c\u4f60\u6709\u540c\u611f\u2026\u2026<\/strong>\n\u60a8\u5c1d\u8bd5\u8fc7\u591a\u79cd\u51cf\u80a5\u65b9\u6cd5\uff0c\u4f46\u90fd\u6ca1\u6709\u6301\u4e45\u7684\u6548\u679c\n\u9762\u5bf9\u76f8\u4e92\u77db\u76fe\u7684\u5efa\u8bae\uff0c\u60a8\u4e0d\u77e5\u6240\u63aa...\n\u60a8\u60f3\u5403\u5f97\u5065\u5eb7\uff0c\u4f46\u53c8\u4e0d\u60f3\u611f\u5230\u6cae\u4e27\u6216\u88ab\u5265\u593a...\n\n\u2192 \u90a3\u4e48 Blooness \u5c31\u662f\u4e3a\u60a8\u91cf\u8eab\u5b9a\u505a\u7684\u3002.\n\n<\/div>\n<\/div>\n<\/div>\n<!-- B\u00c9N\u00c9FICES -->\n<div class=\"section benefits-section\">\n<div class=\"container\">\n<h2>\u8fd9\u4f1a\u7ed9\u4f60\u7684\u751f\u6d3b\u5e26\u6765\u4ec0\u4e48\u771f\u6b63\u7684\u6539\u53d8<\/h2>\n<div class=\"benefits-grid\">\n<div class=\"benefit-card\">\n<div class=\"icon\">\ud83d\udd25<\/div>\n<h4>\u6301\u4e45\u51cf\u8102<\/h4>\n\u51cf\u63895-15\u516c\u65a4\u4f53\u91cd\uff0c\u4e14\u6c38\u4e0d\u53cd\u5f39\uff08\u96f6\u53cd\u5f39\uff09\n\n<\/div>\n<div class=\"benefit-card\">\n<div class=\"icon\">\u26a1<\/div>\n<h4>\u5168\u5929\u5019\u80fd\u91cf<\/h4>\n\u544a\u522b\u4e0b\u5348\u4e09\u70b9\u7684\u5026\u6020\u671f\uff0c\u65e0\u9700\u5496\u5561\u4e5f\u80fd\u4fdd\u6301\u7cbe\u529b\u5145\u6c9b\n\n<\/div>\n<div class=\"benefit-card\">\n<div class=\"icon\">\ud83e\udde0<\/div>\n<h4>\u5934\u8111\u6e05\u9192<\/h4>\n\u4e13\u6ce8\u529b\u63d0\u5347\u4e24\u500d\uff0c\u9a71\u6563\u601d\u7ef4\u8ff7\u96fe\n\n<\/div>\n<div class=\"benefit-card\">\n<div class=\"icon\">\ud83c\udf7d\ufe0f<\/div>\n<h4>\u7f8e\u5473\u4f73\u80b4<\/h4>\n\u8461\u8404\u9152\u3001\u9ed1\u5de7\u514b\u529b\u3001\u5976\u916a\uff1a\u53ef\u4ee5\uff08\u4f46\u8981\u9002\u5ea6\uff09\n\n<\/div>\n<div class=\"benefit-card\">\n<div class=\"icon\">\u2764\ufe0f<\/div>\n<h4>\u4f18\u5316\u5065\u5eb7<\/h4>\n\u7cd6\u5c3f\u75c5\u9884\u9632\u3001\u5fc3\u810f\u5065\u5eb7\u3001\u708e\u75c7\n\n<\/div>\n<div class=\"benefit-card\">\n<div class=\"icon\">\ud83d\uddfd<\/div>\n<h4>\u5b8c\u5168\u81ea\u7531<\/h4>\n\u60a8\u7406\u89e3\u5176\u4e2d\u7684\u903b\u8f91\uff0c\u60a8\u53d8\u5f97\u72ec\u7acb\u81ea\u4e3b\n\n<\/div>\n<\/div>\n<\/div>\n<\/div>\n<!-- CE QUE VOUS OBTENEZ -->\n<div class=\"section\" style=\"background: #f7fafc;\">\n<div class=\"container\">\n<h2>\u60a8\u7684\u7ec8\u8eab\u8bbf\u95ee\u6743\u9650\u5305\u542b\u6240\u6709\u8fd9\u4e9b\u5185\u5bb9<\/h2>\n<div class=\"content-box\">\n<h3>\ud83d\udcda \u83b7\u53d6\u5b8c\u6574\u7248Blooness\u6307\u5357\uff08\u8d85\u8fc7150\u7bc7\u6587\u7ae0\uff0c\u5176\u4e2d30%\u4ec5\u9650\u9ad8\u7ea7\u4f1a\u5458\u4e13\u4eab\uff09<\/h3>\n<ul>\n \t<li>\u57fa\u672c\u8981\u7d20\uff0c, <a href=\"https:\/\/blooness.com\/zh\/cetogene-%e4%bd%8e%e7%a2%b3%e6%b0%b4%e5%8c%96%e5%90%88%e7%89%a9%e6%8c%87%e5%8d%97\/\">\u4f4e\u78b3\u6c34\u5316\u5408\u7269<\/a>, <a href=\"https:\/\/blooness.com\/zh\/%e5%9c%b0%e4%b8%ad%e6%b5%b7%e9%a5%ae%e9%a3%9f\/\">\u5730\u4e2d\u6d77<\/a> \u4f18\u5316<\/li>\n \t<li>\u9ad8\u7ea7\u534f\u8bae\u3001\u8865\u5145\u5242\u3001\u5206\u6790<\/li>\n<\/ul>\n<p style=\"margin-top: 20px; font-style: italic;\">\u9ad8\u7ea7\u6a21\u5757\u793a\u4f8b\uff1a\u6700\u4f73\u6765\u6e90 <a href=\"https:\/\/blooness.com\/zh\/proteines\/\">\u86cb\u767d<\/a> \u2022 \u54ea\u4e9b\u8425\u517b\u7d20 <a href=\"https:\/\/blooness.com\/zh\/lipides\/\">\u8102\u80aa<\/a> \u5982\u4f55\u51cf\u80a5\uff1f\u2022\u5982\u4f55\u901a\u8fc7\u8282\u98df\u51cf\u80a5 <a href=\"https:\/\/blooness.com\/zh\/guide-cetogene-low-carb\/\">\u4f4e\u78b3\u6c34\u5316\u5408\u7269<\/a> ?<\/p>\n\n<\/div>\n<div class=\"content-box\">\n<h3>\ud83c\udf93 \u6240\u6709\u52a0\u901f\u8bfe\u7a0b\uff08\u5305\u62ec\u73b0\u6709\u53ca\u672a\u6765\u8bfe\u7a0b\uff09<\/h3>\n<strong>\u7acb\u5373\u53ef\u7528\uff1a<\/strong>\n<ul>\n \t<li>\u5f00\u59cb <a href=\"https:\/\/blooness.com\/zh\/regime-cetogene\/\">\u916e\u7c7b<\/a> (6\u8282\u8bfe\uff0c3\u8282\u53ef\u9009)<\/li>\n \t<li>RESET\u8425\u517b\u8ba1\u5212\uff08\u514d\u8d39\uff09<\/li>\n<\/ul>\n<strong>\u5373\u5c06\u63a8\u51fa\uff08\u514d\u8d39\u5305\u542b\uff09\uff1a<\/strong>\n<ul>\n \t<li>\u916e\u67d4\u6027 <a href=\"https:\/\/blooness.com\/zh\/diete-mediterraneenne\/\">\u5730\u4e2d\u6d77\u5f0f<\/a> (3\u670815\u65e5)<\/li>\n \t<li>\u51cf\u80a5\u4e0e\u91cd\u7ec4\uff085 \u6708 15 \u65e5\uff09<\/li>\n<\/ul>\n<\/div>\n<div class=\"content-box\">\n<h3>\u2728 \u72ec\u5bb6\u5956\u52b1\u548c\u66f4\u65b0<\/h3>\n<ul>\n \t<li>\u79c1\u4eba\u64ad\u5ba2 \u2022 \u4f1a\u5458\u901a\u8baf<\/li>\n \t<li>\u79fb\u52a8\u5e94\u7528 \u2022 \u7ec8\u8eab\u6bcf\u6708\u66f4\u65b0\u5185\u5bb9<\/li>\n<\/ul>\n<\/div>\n<div style=\"text-align: center; margin-top: 40px;\">\n\n\n\n\n<a class=\"cta-button\" href=\"https:\/\/blooness.com\/zh\/%e8%b4%a6%e6%88%b7\/%e4%bc%9a%e7%b1%8d\/\">\n\u7ec8\u8eab\u8bbf\u95ee\u6240\u6709\u5185\u5bb9\uff0c\u4ec5\u970067\u6b27\u5143\u2192\n<\/a>\n<p style=\"margin-top: 20px; font-size: 1.2em; opacity: 0.9;\"><strong>\u7b2c\u4e00\u8bfe\u53ef\u7acb\u5373\u8bbf\u95ee<\/strong>\n+ \u5b8c\u6574\u9ad8\u7ea7\u6307\u5357 + \u6240\u6709\u672a\u6765\u8bfe\u7a0b<\/p>\n\n\n<\/div>\n<\/div>\n<\/div>\n<!-- PRICING + GARANTIE -->\n<div class=\"section pricing-section\">\n<div class=\"container\">\n<div class=\"pricing-box\">\n<h2>\u7ec8\u8eab\u8bbf\u95ee Blooness<\/h2>\n<p style=\"font-size: 1.4em; margin: 20px 0;\">\u4e00\u6b21\u6027\u4ed8\u6b3e \u2022 \u5168\u5305 \u2022 60\u5929\u4fdd\u8bc1<\/p>\n\n<div class=\"price\">67\u20ac<\/div>\n<p class=\"old-price\">\u5c06\u4e8e2026\u5e744\u670815\u65e5\u8c03\u6574\u4e3a97\u6b27\u5143<\/p>\n\n<ul class=\"pricing-features no-bullets\">\n \t<li>\u5b8c\u6574\u7684\u9ad8\u7ea7\u6307\u5357<\/li>\n \t<li>\u6240\u6709\u5f53\u524d\u53ca\u672a\u6765\u9879\u76ee<\/li>\n \t<li>\u7ec8\u8eab\u6bcf\u6708\u66f4\u65b0\u5185\u5bb9<\/li>\n \t<li>\u64ad\u5ba2\u3001\u7535\u5b50\u901a\u8baf\u3001\u79fb\u52a8\u5e94\u7528<\/li>\n \t<li>60\u5929\u6ee1\u610f\u4fdd\u8bc1\u6216\u9000\u6b3e<\/li>\n<\/ul>\n\n\n\n\n<a class=\"cta-button\" href=\"https:\/\/blooness.com\/zh\/%e8%b4%a6%e6%88%b7\/%e4%bc%9a%e7%b1%8d\/\">\n\u662f\u7684\uff0c\u6211\u8981\u7ec8\u8eab\u8bbf\u95ee\u6743\u9650 \u2192\n<\/a>\n\n\n<\/div>\n<div class=\"guarantee-section\">\n<h3>\ud83d\udee1\ufe0f 60\u5929\u4fdd\u8bc1\u2014\u2014\u6ee1\u610f\u6216\u9000\u6b3e<\/h3>\n\u8bd5\u7528 2 \u4e2a\u6708\u3002\n\u56e0\u4e3a\u6211\u76f8\u4fe1\u8fd9\u79cd\u65b9\u6cd5\u5bf9\u4f60\u4e5f\u6709\u6548\u3001\n\u5982\u679c\u5b83\u5bf9\u4f60\u65e0\u6548 \uff1a <a style=\"color: inherit; text-decoration: underline;\" href=\"https:\/\/blooness.com\/zh\/%e8%81%94%e7%b3%bb\/\">\u5168\u989d\u9000\u6b3e\uff0c\u65e0\u9700\u89e3\u91ca<\/a>.\n\n<\/div>\n<\/div>\n<\/div>\n<!-- BIO + PHOTO -->\n<div class=\"section author-section\">\n<div class=\"container\">\n<div class=\"author-box\">\n<div>\n<h2>\u6211\u662fZiyad\uff0cBlooness\u7684\u521b\u59cb\u4eba\u3002<\/h2>\n\u6211\u4e0d\u662f\u4e00\u540d\u5408\u683c\u7684\u8425\u517b\u5b66\u5bb6\u3002\u6211\u53ea\u662f\u82b1\u4e86\u6570\u5e74\u65f6\u95f4\uff0c\u9605\u8bfb\u4e86\u6570\u767e\u4efd\u7814\u7a76\u62a5\u544a\uff0c\u5bf9\u81ea\u5df1\u8fdb\u884c\u4e86\u6d4b\u8bd5\uff0c\u5e76\u603b\u7ed3\u51fa\u4e86\u6700\u597d\u7684\u79d1\u5b66\u77e5\u8bc6\u3002\n\nBlooness \u7684\u8bde\u751f\u6e90\u4e8e\u6211\u81ea\u8eab\u7684\u8f6c\u53d8\uff1a\u6301\u7eed\u51cf\u8102\uff0c\u6062\u590d\u7a33\u5b9a\u7684\u80fd\u91cf\uff0c\u5feb\u4e50\u8fdb\u98df\u3002.\n\n<\/div>\n<div style=\"text-align: center;\">\n\n\n\n<img decoding=\"async\" src=\"https:\/\/blooness.com\/wp-content\/uploads\/2026\/01\/before-after-blooness.png\" alt=\"\u9075\u5faaBlooness\u539f\u5219\u5b9e\u73b0\u7684\u4f53\u578b\u8715\u53d8\u524d\u540e\u5bf9\u6bd4\" \/>\n\n<p style=\"margin-top: 20px; font-style: italic; font-weight: bold;\">\u6211\u4e09\u4e2a\u6708\u6765\u901a\u8fc7Blooness\u7684\u8715\u53d8\uff1a<\/p>\n\n<ul style=\"text-align: left; max-width: 400px; margin: 15px auto; list-style: none; padding-left: 0;\">\n \t<li style=\"padding: 8px 0 8px 40px; position: relative;\">\u2713 -15\u516c\u65a4\u8102\u80aa<\/li>\n \t<li style=\"padding: 8px 0 8px 40px; position: relative;\">\u2713 24\u5c0f\u65f6\u4e0d\u95f4\u65ad\u80fd\u91cf\uff0c\u4e0d\u542b\u5496\u5561\u56e0<\/li>\n \t<li style=\"padding: 8px 0 8px 40px; position: relative;\">\u2713 \u91cd\u83b7\u7cbe\u795e\u6e05\u660e<\/li>\n \t<li style=\"padding: 8px 0 8px 40px; position: relative;\">\u2713 \u4f53\u91cd\u5728\u8fc7\u53bb\u4e24\u5e74\u4e2d\u4fdd\u6301\u7a33\u5b9a\uff08\u96f6\u53cd\u5f39\uff09<\/li>\n \t<li style=\"padding: 8px 0 8px 40px; position: relative;\">\u2713 \u96f6\u5361\u8def\u91cc\u8ba1\u7b97<\/li>\n<\/ul>\n<\/div>\n<\/div>\n<\/div>\n<\/div>\n<!-- FAQ -->\n<div class=\"section\" style=\"background: #f7fafc;\">\n<div class=\"container\">\n<h2>\u5e38\u89c1\u95ee\u9898<\/h2>\n<div class=\"content-box faq-box\">\n\n<strong>\u771f\u7684\u662f\u4e00\u8f88\u5b50\u5417\uff1f<\/strong>\n\u662f\u7684\u3002\u60a8\u53ea\u9700\u4e00\u6b21\u6027\u652f\u4ed867\u6b27\u5143\uff0c\u5373\u53ef\u6c38\u4e45\u8bbf\u95ee\u6240\u6709\u5185\u5bb9\uff08\u6307\u5357+\u5f53\u524d\u53ca\u672a\u6765\u8bfe\u7a0b\uff09\u3002.\n\n<strong>\u6211\u5177\u4f53\u4f1a\u6536\u5230\u4ec0\u4e48\uff1f<\/strong>\n- 150 \u591a\u7bc7\u6307\u5357\u6587\u7ae0\uff08\u5305\u62ec 30% \u9ad8\u7ea7\u7248\uff09\n- \u6240\u6709\u52a0\u901f\u8ba1\u5212\uff08Keto\u3001\u51cf\u80a5\u7b49\uff09\n- \u7ec8\u8eab\u6bcf\u6708\u66f4\u65b0\u5185\u5bb9\n- \u79c1\u4eba\u64ad\u5ba2 + \u79fb\u52a8\u5e94\u7528\u7a0b\u5e8f\n\n<strong>\u5e76\u975e\u6240\u6709\u7a0b\u5e8f\u90fd\u53ef\u7528\uff1f<\/strong>\n\u90e8\u5206\u8bfe\u7a0b\u5c06\u9646\u7eed\u63a8\u51fa\uff08\u5177\u4f53\u65e5\u671f\u5df2\u516c\u5e03\uff09\u3002\u4f46\u60a8\u53ef\u7acb\u5373\u83b7\u53d6\u5b8c\u6574\u6307\u5357\u53ca\u5df2\u53d1\u5e03\u7684\u8bfe\u7a0b\u3002.\n\n<strong>\u6211\u53ef\u4ee5\u53d6\u6d88\u5417\uff1f<\/strong>\n\u662f\u7684\uff0c\u63d0\u4f9b60\u5929\u6ee1\u610f\u4fdd\u8bc1\uff0c\u4e0d\u6ee1\u610f\u53ef\u9000\u6b3e\u3002\u82e5\u60a8\u4e0d\u6ee1\u610f\uff0c\u53ef\u5168\u989d\u9000\u8fd867\u6b27\u5143\u3002.\n\n<strong>\u4e3a\u4ec0\u4e48\u73b0\u5728\u898167\u6b27\u5143\uff0c\u800c\u4e4b\u524d\u6bcf\u6708\u53ea\u970010\u6b27\u5143\uff1f<\/strong>\n\u56e0\u4e3a10\u6b27\u5143\/\u6708=\u5b9a\u671f\u8ba2\u9605\uff0c\u7528\u6237\u901a\u5e383-4\u4e2a\u6708\u540e\u5c31\u4f1a\u53d6\u6d88\u3002\u73b0\u5728\u53ea\u9700\u4e00\u6b21\u6027\u652f\u4ed8\uff0c\u5373\u53ef\u7ec8\u8eab\u4f7f\u7528\uff08\u6027\u4ef7\u6bd4\u66f4\u9ad8\uff09\u3002.\n\n<strong>\u4ef7\u683c\u771f\u7684\u4f1a\u4e0a\u6da8\u5417\uff1f<\/strong>\n\u662f\u7684\u30022026\u5e744\u670815\u65e5\u8d77\uff0c\u4ef7\u683c\u5c06\u8c03\u6574\u4e3a97\u6b27\u5143\u3002\u73b0\u5728\u52a0\u5165\uff0c\u5373\u53ef\u7ec8\u8eab\u9501\u5b9a67\u6b27\u5143\u7684\u4f18\u60e0\u4ef7\u683c\u3002.\n\n<strong>\u8fd9\u662f\u7ed9\u521d\u5b66\u8005\u8fd8\u662f\u8fdb\u9636\u8005\uff1f<\/strong>\n\u4e24\u8005\u517c\u5907\u3002\u672c\u6307\u5357\u6db5\u76d6\u4ece\u57fa\u7840\u77e5\u8bc6\u5230\u9ad8\u7ea7\u534f\u8bae\u7684\u5185\u5bb9\u3002\u60a8\u53ef\u4ee5\u6309\u81ea\u5df1\u7684\u8282\u594f\u5b66\u4e60\u3002.\n\n<\/div>\n<div style=\"text-align: center; margin-top: 50px;\">\n\n\n\n\n<a class=\"cta-button\" href=\"https:\/\/blooness.com\/zh\/%e8%b4%a6%e6%88%b7\/%e4%bc%9a%e7%b1%8d\/\">\n\u662f\u7684\uff0c\u6211\u73b0\u5728\u5c31\u52a0\u5165Blooness \u2192\n<\/a>\n\n\n<\/div>\n<\/div>\n<\/div>\n<!-- FINAL CTA -->\n<div class=\"final-cta\">\n<div class=\"container\">\n<h2>\u51c6\u5907\u597d\u5f7b\u5e95\u6539\u53d8\u60a8\u7684\u996e\u98df\u4e60\u60ef\u4e86\u5417\uff1f<\/h2>\n<p style=\"font-size: 1.5em; margin-bottom: 50px;\">\u7ec8\u8eab67\u6b27\u5143 \u2022 \u7acb\u5373\u8bbf\u95ee \u2022 60\u5929\u4fdd\u8bc1<\/p>\n\n\n\n\n<a class=\"cta-button\" href=\"https:\/\/blooness.com\/zh\/%e8%b4%a6%e6%88%b7\/%e4%bc%9a%e7%b1%8d\/\">\n\u662f\u7684\uff0c\u6211\u73b0\u5728\u5c31\u52a0\u5165Blooness \u2192\n<\/a>\n\n\n<\/div>\n<\/div>\t\t\t\t\t\t\t\t<\/div>\n\t\t\t\t<\/div>\n\t\t\t\t\t<\/div>\n\t\t<\/div>\n\t\t\t\t\t<\/div>\n\t\t<\/section>\n\t\t\t\t<\/div>\n\t\t<div id=\"bloon-1817158778\" class=\"bloon-apres-le-contenu-2 bloon-entity-placement\"><div style=\"max-width: 900px; margin: 60px auto; padding: 60px 40px; background: linear-gradient(135deg, #e8f5e9 0%, #f0faf0 100%); border-radius: 24px; box-shadow: 0 10px 40px rgba(0,0,0,0.1); text-align: center;\">\r\n  <h2 style=\"font-size: 2.6em; color: #28a745; margin-bottom: 30px; font-weight: 800; text-transform: uppercase;\">\r\n    \u65b0\u63a8\u51fa\uff1aBlooness\u52a0\u901f\u8bfe\u7a0b\r\n  <\/h2>\r\n  \r\n  <p style=\"font-size: 1.5em; color: #333; max-width: 800px; margin: 0 auto 40px; line-height: 1.6;\">\r\n    \u5bf9\u4e8e <strong>\u5feb\u901f\u7ed3\u679c<\/strong> \u5982\u679c\u60a8\u6b63\u5728\u5bfb\u627e<br>\r\n    <strong>\u6301\u4e45\u51cf\u8102<\/strong>,<br>\r\n    <strong>\u5168\u5929\u4fdd\u6301\u7a33\u5b9a\u7cbe\u529b<\/strong>,<br>\r\n    \u548c <strong>\u9884\u9632\u6162\u6027\u75be\u75c5<\/strong>.\r\n  <\/p>\r\n  \r\n  <a href=\"https:\/\/blooness.com\/zh\/%e9%a1%b9%e7%9b%ae\/\" \r\n     style=\"display: inline-block; background: #ff4757; color: white; padding: 22px 60px; border-radius: 50px; font-size: 1.6em; font-weight: bold; text-decoration: none; box-shadow: 0 10px 30px rgba(255,71,87,0.4); transition: all 0.3s;\">\r\n    \u63a2\u7d22\u8bfe\u7a0b\uff0867\u6b27\u5143\u7ec8\u8eab\u6709\u6548\uff09\u2192\r\n  <\/a>\r\n  \r\n  <p style=\"margin-top: 30px; font-size: 1.2em; color: #666;\">\r\n    \u7acb\u5373\u8bbf\u95ee\u9ad8\u7ea7\u6307\u5357+\u6240\u6709\u5f53\u524d\u548c\u672a\u6765\u7684\u8bfe\u7a0b<br>\r\n    <strong>\u521b\u59cb\u4f18\u60e0\u4ef7\u2014\u2014\u5373\u5c06\u8c03\u6574\u4e3a97\u6b27\u5143<\/strong>\r\n  <\/p>\r\n<\/div><\/div>","protected":false},"excerpt":{"rendered":"<p>\u23f0 Tarif fondateur : 67\u20ac \u2192 Passe \u00e0 97\u20ac le 15 avril 2026 Perdez du gras durablement, retrouvez une \u00e9nergie explosive et mangez enfin avec plaisir Sans compter les calories. Sans r\u00e9gime frustrant. Juste la m\u00e9thode scientifique, claire et applicable imm\u00e9diatement. D\u00e9j\u00e0 plus de 2 000 visiteurs par mois et 500 abonn\u00e9s newsletter font confiance [&hellip;]<\/p>\n","protected":false},"author":2,"featured_media":0,"parent":0,"menu_order":0,"comment_status":"closed","ping_status":"closed","template":"elementor_header_footer","meta":{"pmpro_default_level":"","footnotes":""},"class_list":["post-16564","page","type-page","status-publish","hentry","pmpro-has-access"],"ams_acf":[],"_links":{"self":[{"href":"https:\/\/blooness.com\/zh\/wp-json\/wp\/v2\/pages\/16564","targetHints":{"allow":["GET"]}}],"collection":[{"href":"https:\/\/blooness.com\/zh\/wp-json\/wp\/v2\/pages"}],"about":[{"href":"https:\/\/blooness.com\/zh\/wp-json\/wp\/v2\/types\/page"}],"author":[{"embeddable":true,"href":"https:\/\/blooness.com\/zh\/wp-json\/wp\/v2\/users\/2"}],"replies":[{"embeddable":true,"href":"https:\/\/blooness.com\/zh\/wp-json\/wp\/v2\/comments?post=16564"}],"version-history":[{"count":3,"href":"https:\/\/blooness.com\/zh\/wp-json\/wp\/v2\/pages\/16564\/revisions"}],"predecessor-version":[{"id":21109,"href":"https:\/\/blooness.com\/zh\/wp-json\/wp\/v2\/pages\/16564\/revisions\/21109"}],"wp:attachment":[{"href":"https:\/\/blooness.com\/zh\/wp-json\/wp\/v2\/media?parent=16564"}],"curies":[{"name":"wp","href":"https:\/\/api.w.org\/{rel}","templated":true}]}}